{"id":134,"date":"2019-07-13T22:39:51","date_gmt":"2019-07-13T22:39:51","guid":{"rendered":"http:\/\/itechlang.ca\/test\/?page_id=134"},"modified":"2024-12-08T16:54:12","modified_gmt":"2024-12-08T20:54:12","slug":"me-contacter","status":"publish","type":"page","link":"https:\/\/itechlang.ca\/services-langagiers\/fr\/me-contacter\/","title":{"rendered":"Me contacter"},"content":{"rendered":"\n<p>Si vous \u00eates int\u00e9ress\u00e9(e-s) par les services que j\u2019offre et souhaitez de plus amples informations, n\u2019h\u00e9sitez pas \u00e0 me contacter directement par courriel \u00e0 l\u2019adresse<br>ci-dessous ou bien en remplissant l&#8217;un des formulaires ci-dessous&nbsp;:<\/p>\n\n\n\n<div class=\"custom-text-box\"><p><strong><em>V\u00e9ronique Lebreton<br>Services langagiers, ITechLang inc.<br><\/em><\/strong><em>Enseignante de fran\u00e7ais langue seconde ou \u00e9trang\u00e8re sp\u00e9cialis\u00e9e en formation sur mesure<br>Enseignante en francisation<br>Tutrice en fran\u00e7ais pour jeunes du secondaire<br>Correctrice, r\u00e9viseure, traductrice<\/em><br>Blainville (Qu\u00e9bec)<br>&nbsp;<i class=\"fa-solid fa-mobile-screen-button fa-lg\"><\/i>&nbsp;&nbsp;514 974-3247<br><i class=\"fa-regular fa-paper-plane fa-lg\"><\/i>&nbsp;&nbsp;<a href=\"mailto:serviceslangagiers@itechlang.com\" style=\"font-size: 0.95rem;\">serviceslangagiers@itechlang.com<\/a> <br><br><\/p><\/div>\n\n\n\n<div><a class=\"btn\" href=\"\/services-langagiers\/fr\/francais-langue-seconde-ou-etrangere-demande-de-renseignements\">Me contacter<\/a><div style=\"padding-left: 10px; display:inline; font-size: 0.95rem;\">Demande de renseignements pour les cours de fran\u00e7ais langue seconde ou \u00e9trang\u00e8re<\/div><\/div>\n\n\n\n<p><\/p>\n\n\n\n<div><a class=\"btn\" href=\"\/services-langagiers\/fr\/cours-de-francisation-demande-de-renseignements\">Me contacter<\/a><div style=\"padding-left: 10px; display:inline; font-size: 0.95rem;\">Demande de renseignements pour les cours de francisation<\/div><\/div>\n\n\n\n<p><\/p>\n\n\n\n<div><a class=\"btn\" href=\"\/services-langagiers\/fr\/tutorat-en-francais-pour-jeunes-du-secondaire-demande-de-renseignements\">Me contacter<\/a><div style=\"padding-left: 10px; display:inline; font-size: 0.95rem;\">Demande de renseignements pour tutorat en fran\u00e7ais pour jeunes du secondaire<\/div><\/div>\n\n\n\n<p><\/p>\n\n\n\n<p><div><a class=\"btn\" href=\"\/services-langagiers\/fr\/autres-services-offerts-demande-de-renseignements\">Me contacter<\/a><div style=\"padding-left: 10px; display:inline; font-size: 0.95rem;\">Demande de renseignements pour les autres services offerts \u00e0 distance<\/div><\/div><\/p>\n\n\n\n<p><\/p>\n","protected":false},"excerpt":{"rendered":"<p>Si vous \u00eates int\u00e9ress\u00e9(e-s) par les services que j\u2019offre et souhaitez de plus amples informations, n\u2019h\u00e9sitez pas \u00e0 me contacter directement par courriel \u00e0 l\u2019adresseci-dessous ou bien en remplissant l&#8217;un des formulaires ci-dessous&nbsp;: V\u00e9ronique LebretonServices langagiers, ITechLang inc.Enseignante de fran\u00e7ais langue seconde ou \u00e9trang\u00e8re sp\u00e9cialis\u00e9e en formation sur mesureEnseignante en<\/p>\n","protected":false},"author":2,"featured_media":0,"parent":0,"menu_order":0,"comment_status":"closed","ping_status":"closed","template":"page-templates\/page-full-width.php","meta":{"_monsterinsights_skip_tracking":false,"_monsterinsights_sitenote_active":false,"_monsterinsights_sitenote_note":"","_monsterinsights_sitenote_category":0,"footnotes":""},"class_list":["post-134","page","type-page","status-publish","hentry"],"_links":{"self":[{"href":"https:\/\/itechlang.ca\/services-langagiers\/fr\/wp-json\/wp\/v2\/pages\/134","targetHints":{"allow":["GET"]}}],"collection":[{"href":"https:\/\/itechlang.ca\/services-langagiers\/fr\/wp-json\/wp\/v2\/pages"}],"about":[{"href":"https:\/\/itechlang.ca\/services-langagiers\/fr\/wp-json\/wp\/v2\/types\/page"}],"author":[{"embeddable":true,"href":"https:\/\/itechlang.ca\/services-langagiers\/fr\/wp-json\/wp\/v2\/users\/2"}],"replies":[{"embeddable":true,"href":"https:\/\/itechlang.ca\/services-langagiers\/fr\/wp-json\/wp\/v2\/comments?post=134"}],"version-history":[{"count":67,"href":"https:\/\/itechlang.ca\/services-langagiers\/fr\/wp-json\/wp\/v2\/pages\/134\/revisions"}],"predecessor-version":[{"id":1817,"href":"https:\/\/itechlang.ca\/services-langagiers\/fr\/wp-json\/wp\/v2\/pages\/134\/revisions\/1817"}],"wp:attachment":[{"href":"https:\/\/itechlang.ca\/services-langagiers\/fr\/wp-json\/wp\/v2\/media?parent=134"}],"curies":[{"name":"wp","href":"https:\/\/api.w.org\/{rel}","templated":true}]}}