{"id":1433,"date":"2024-11-08T11:24:32","date_gmt":"2024-11-08T15:24:32","guid":{"rendered":"https:\/\/itechlang.ca\/services-langagiers\/?page_id=1433"},"modified":"2024-12-03T17:39:06","modified_gmt":"2024-12-03T21:39:06","slug":"cours-de-francisation","status":"publish","type":"page","link":"https:\/\/itechlang.ca\/services-langagiers\/fr\/cours-de-francisation\/","title":{"rendered":"Cours de francisation"},"content":{"rendered":"\n<p>Les services offerts comprennent, entre autres :<\/p>\n\n\n\n<ul class=\"wp-block-list list-curve-arrow\">\n<li>Cours de<strong> <\/strong>pr\u00e9paration aux divers<strong> tests d\u2019\u00e9valuation de la connaissance du fran\u00e7ais<\/strong> (TEF, TCF, TEFAQ, etc.).<br>Vous trouverez toutes les informations relatives aux examens reconnus, entre autres, par le <a href=\"https:\/\/www.quebec.ca\/gouv\/ministere\/immigration\/\" target=\"_blank\" rel=\"noreferrer noopener\">minist\u00e8re de l\u2019Immigration, de la Francisation et de l&#8217;Int\u00e9gration<\/a> du Qu\u00e9bec, \u00e0 l\u2019adresse suivante&nbsp;: <a href=\"https:\/\/www.quebec.ca\/immigration\/programmes-immigration\/programme-regulier-travailleurs-qualifies\/examen#c88144\" target=\"_blank\" rel=\"noreferrer noopener\">https:\/\/www.quebec.ca\/immigration\/programmes-immigration\/programme-regulier-travailleurs-qualifies\/examen#c88144<\/a><\/li>\n\n\n\n<li>Cours pour <strong>tous les niveaux<\/strong> (du niveau vrai d\u00e9butant \u00e0 avanc\u00e9).<\/li>\n\n\n\n<li>Cours de <strong>conversation<\/strong> offerts en priv\u00e9 (une personne), en semi-priv\u00e9 (deux personnes) ou en petits groupes (de trois \u00e0 six personnes).<\/li>\n<\/ul>\n\n\n\n<div style=\"padding-top: 20px;\"><a class=\"btn\" href=\"\/services-langagiers\/fr\/cours-de-francisation-demande-de-renseignements\">Me contacter<\/a><\/div>\n\n\n\n<p><\/p>\n","protected":false},"excerpt":{"rendered":"<p>Les services offerts comprennent, entre autres : Me contacter<\/p>\n","protected":false},"author":2,"featured_media":0,"parent":0,"menu_order":0,"comment_status":"closed","ping_status":"closed","template":"page-templates\/page-full-width.php","meta":{"_monsterinsights_skip_tracking":false,"_monsterinsights_sitenote_active":false,"_monsterinsights_sitenote_note":"","_monsterinsights_sitenote_category":0,"footnotes":""},"class_list":["post-1433","page","type-page","status-publish","hentry"],"_links":{"self":[{"href":"https:\/\/itechlang.ca\/services-langagiers\/fr\/wp-json\/wp\/v2\/pages\/1433","targetHints":{"allow":["GET"]}}],"collection":[{"href":"https:\/\/itechlang.ca\/services-langagiers\/fr\/wp-json\/wp\/v2\/pages"}],"about":[{"href":"https:\/\/itechlang.ca\/services-langagiers\/fr\/wp-json\/wp\/v2\/types\/page"}],"author":[{"embeddable":true,"href":"https:\/\/itechlang.ca\/services-langagiers\/fr\/wp-json\/wp\/v2\/users\/2"}],"replies":[{"embeddable":true,"href":"https:\/\/itechlang.ca\/services-langagiers\/fr\/wp-json\/wp\/v2\/comments?post=1433"}],"version-history":[{"count":7,"href":"https:\/\/itechlang.ca\/services-langagiers\/fr\/wp-json\/wp\/v2\/pages\/1433\/revisions"}],"predecessor-version":[{"id":1780,"href":"https:\/\/itechlang.ca\/services-langagiers\/fr\/wp-json\/wp\/v2\/pages\/1433\/revisions\/1780"}],"wp:attachment":[{"href":"https:\/\/itechlang.ca\/services-langagiers\/fr\/wp-json\/wp\/v2\/media?parent=1433"}],"curies":[{"name":"wp","href":"https:\/\/api.w.org\/{rel}","templated":true}]}}