{"id":1436,"date":"2024-11-08T11:31:56","date_gmt":"2024-11-08T15:31:56","guid":{"rendered":"https:\/\/itechlang.ca\/services-langagiers\/?page_id=1436"},"modified":"2025-02-12T20:40:31","modified_gmt":"2025-02-13T00:40:31","slug":"tutorat-et-aide-aux-devoirs-en-francais","status":"publish","type":"page","link":"https:\/\/itechlang.ca\/services-langagiers\/fr\/tutorat-et-aide-aux-devoirs-en-francais\/","title":{"rendered":"Tutorat et aide aux devoirs en fran\u00e7ais"},"content":{"rendered":"\n<p>Offerts en priv\u00e9 ou en semi-priv\u00e9, et en ligne ou en pr\u00e9sentiel pour jeunes du secondaire.<\/p>\n\n\n\n<p>Ces services sont personnalis\u00e9s en fonction des besoins particuliers&nbsp;du jeune (style et rythme d\u2019apprentissage, niveau de comp\u00e9tence, etc.).<br>Le tutorat et l&#8217;aide aux devoirs en fran\u00e7ais sont offerts dans la bienveillance et en mettant l\u2019accent sur le d\u00e9veloppement positif.<\/p>\n\n\n\n<p>Ces services comprennent entre autres :<\/p>\n\n\n\n<ul class=\"wp-block-list list-curve-arrow\">\n<li>Aide aux devoirs<\/li>\n\n\n\n<li>Rattrapage scolaire<\/li>\n\n\n\n<li>Difficult\u00e9 ponctuelle<\/li>\n\n\n\n<li>Soutien en lecture (ex. compr\u00e9hension)<\/li>\n\n\n\n<li>Soutien en \u00e9criture (ex. r\u00e9daction)<\/li>\n\n\n\n<li>Soutien en grammaire, en orthographe et en syntaxe<\/li>\n\n\n\n<li>Pr\u00e9paration aux \u00e9valuations de fin d\u2019\u00e9tape<\/li>\n\n\n\n<li>Pr\u00e9paration \u00e0 l\u2019\u00e9preuve unique de fran\u00e7ais de la 5e secondaire<\/li>\n\n\n\n<li>R\u00e9vision des connaissances ant\u00e9rieures<\/li>\n\n\n\n<li>Consolidation des connaissances<\/li>\n\n\n\n<li>Approfondissement des connaissances<\/li>\n\n\n\n<li>Enrichissement des connaissances<\/li>\n\n\n\n<li>Soutien en fran\u00e7ais langue seconde ou \u00e9trang\u00e8re<\/li>\n\n\n\n<li>Strat\u00e9gies d\u2019apprentissage<\/li>\n\n\n\n<li>Enseignement de m\u00e9thodes de travail<\/li>\n<\/ul>\n\n\n\n<p><\/p>\n\n\n\n<div style=\"padding-top: 20px;\"><a class=\"btn\" href=\"\/services-langagiers\/fr\/tutorat-et-aide-aux-devoirs-en-francais-demande-de-renseignements\/\">Me contacter<\/a><\/div>\n","protected":false},"excerpt":{"rendered":"<p>Offerts en priv\u00e9 ou en semi-priv\u00e9, et en ligne ou en pr\u00e9sentiel pour jeunes du secondaire. Ces services sont personnalis\u00e9s en fonction des besoins particuliers&nbsp;du jeune (style et rythme d\u2019apprentissage, niveau de comp\u00e9tence, etc.).Le tutorat et l&#8217;aide aux devoirs en fran\u00e7ais sont offerts dans la bienveillance et en mettant l\u2019accent<\/p>\n","protected":false},"author":2,"featured_media":0,"parent":0,"menu_order":0,"comment_status":"closed","ping_status":"closed","template":"page-templates\/page-full-width.php","meta":{"_monsterinsights_skip_tracking":false,"_monsterinsights_sitenote_active":false,"_monsterinsights_sitenote_note":"","_monsterinsights_sitenote_category":0,"footnotes":""},"class_list":["post-1436","page","type-page","status-publish","hentry"],"_links":{"self":[{"href":"https:\/\/itechlang.ca\/services-langagiers\/fr\/wp-json\/wp\/v2\/pages\/1436","targetHints":{"allow":["GET"]}}],"collection":[{"href":"https:\/\/itechlang.ca\/services-langagiers\/fr\/wp-json\/wp\/v2\/pages"}],"about":[{"href":"https:\/\/itechlang.ca\/services-langagiers\/fr\/wp-json\/wp\/v2\/types\/page"}],"author":[{"embeddable":true,"href":"https:\/\/itechlang.ca\/services-langagiers\/fr\/wp-json\/wp\/v2\/users\/2"}],"replies":[{"embeddable":true,"href":"https:\/\/itechlang.ca\/services-langagiers\/fr\/wp-json\/wp\/v2\/comments?post=1436"}],"version-history":[{"count":8,"href":"https:\/\/itechlang.ca\/services-langagiers\/fr\/wp-json\/wp\/v2\/pages\/1436\/revisions"}],"predecessor-version":[{"id":1899,"href":"https:\/\/itechlang.ca\/services-langagiers\/fr\/wp-json\/wp\/v2\/pages\/1436\/revisions\/1899"}],"wp:attachment":[{"href":"https:\/\/itechlang.ca\/services-langagiers\/fr\/wp-json\/wp\/v2\/media?parent=1436"}],"curies":[{"name":"wp","href":"https:\/\/api.w.org\/{rel}","templated":true}]}}