{"id":1441,"date":"2024-11-08T11:38:15","date_gmt":"2024-11-08T15:38:15","guid":{"rendered":"https:\/\/itechlang.ca\/services-langagiers\/?page_id=1441"},"modified":"2024-12-09T17:07:06","modified_gmt":"2024-12-09T21:07:06","slug":"cours-de-francisation-demande-de-renseignements","status":"publish","type":"page","link":"https:\/\/itechlang.ca\/services-langagiers\/fr\/cours-de-francisation-demande-de-renseignements\/","title":{"rendered":"Cours de francisation &#8211; Demande de renseignements"},"content":{"rendered":"\n<p>Contactez-moi \u00e0 l&#8217;aide du formulaire de demande de renseignements ci-dessous pour les cours de francisation.<\/p>\n\n\n\n<div class=\"wpforms-container wpforms-container-full\" id=\"wpforms-1072\"><form id=\"wpforms-form-1072\" class=\"wpforms-validate wpforms-form wpforms-ajax-form\" data-formid=\"1072\" method=\"post\" enctype=\"multipart\/form-data\" action=\"\/services-langagiers\/fr\/wp-json\/wp\/v2\/pages\/1441\" data-token=\"e79b3783c91ddfd3c2ac23bc18660279\" data-token-time=\"1776441316\"><noscript class=\"wpforms-error-noscript\">Veuillez activer JavaScript dans votre navigateur pour remplir ce formulaire.<\/noscript><div class=\"wpforms-field-container\"><div id=\"wpforms-1072-field_0-container\" class=\"wpforms-field wpforms-field-name\" data-field-id=\"0\"><label class=\"wpforms-field-label\">Nom <span class=\"wpforms-required-label\">*<\/span><\/label><div class=\"wpforms-field-row wpforms-field-medium\"><div class=\"wpforms-field-row-block wpforms-first wpforms-one-half\"><input type=\"text\" id=\"wpforms-1072-field_0\" class=\"wpforms-field-name-first wpforms-field-required\" name=\"wpforms[fields][0][first]\" required><label for=\"wpforms-1072-field_0\" class=\"wpforms-field-sublabel after\">Pr\u00e9nom<\/label><\/div><div class=\"wpforms-field-row-block wpforms-one-half\"><input type=\"text\" id=\"wpforms-1072-field_0-last\" class=\"wpforms-field-name-last wpforms-field-required\" name=\"wpforms[fields][0][last]\" required><label for=\"wpforms-1072-field_0-last\" class=\"wpforms-field-sublabel after\">Nom<\/label><\/div><\/div><\/div><div id=\"wpforms-1072-field_1-container\" class=\"wpforms-field wpforms-field-email\" data-field-id=\"1\"><label class=\"wpforms-field-label\" for=\"wpforms-1072-field_1\">Courriel <span class=\"wpforms-required-label\">*<\/span><\/label><div class=\"wpforms-field-row wpforms-field-medium\"><div class=\"wpforms-field-row-block wpforms-one-half wpforms-first\"><input type=\"email\" id=\"wpforms-1072-field_1\" class=\"wpforms-field-required wpforms-field-email-primary\" name=\"wpforms[fields][1][primary]\" spellcheck=\"false\" required><label for=\"wpforms-1072-field_1\" class=\"wpforms-field-sublabel after wpforms-sublabel-hide\">Courriel<\/label><\/div><div class=\"wpforms-field-row-block wpforms-one-half\"><input type=\"email\" id=\"wpforms-1072-field_1-secondary\" class=\"wpforms-field-email-secondary wpforms-field-required\" data-rule-confirm=\"#wpforms-1072-field_1\" name=\"wpforms[fields][1][secondary]\" placeholder=\"Confirmez votre courriel\" spellcheck=\"false\" required><label for=\"wpforms-1072-field_1-secondary\" class=\"wpforms-field-sublabel after wpforms-sublabel-hide\">Confirmez l\u2019e-mail<\/label><\/div><\/div><\/div><div id=\"wpforms-1072-field_6-container\" class=\"wpforms-field wpforms-field-text\" data-field-id=\"6\"><label class=\"wpforms-field-label\" for=\"wpforms-1072-field_6\">T\u00e9l\u00e9phone<\/label><input type=\"text\" id=\"wpforms-1072-field_6\" class=\"wpforms-field-medium\" name=\"wpforms[fields][6]\" ><\/div><div id=\"wpforms-1072-field_4-container\" class=\"wpforms-field wpforms-field-text\" data-field-id=\"4\"><label class=\"wpforms-field-label\" for=\"wpforms-1072-field_4\">Profession<\/label><input type=\"text\" id=\"wpforms-1072-field_4\" class=\"wpforms-field-medium\" name=\"wpforms[fields][4]\" ><\/div><div id=\"wpforms-1072-field_3-container\" class=\"wpforms-field wpforms-field-select wpforms-field-select-style-classic\" data-field-id=\"3\"><label class=\"wpforms-field-label\" for=\"wpforms-1072-field_3\">Situation personnelle <span class=\"wpforms-required-label\">*<\/span><\/label><select id=\"wpforms-1072-field_3\" class=\"wpforms-field-medium wpforms-field-required\" name=\"wpforms[fields][3]\" required=\"required\"><option value=\"\" class=\"placeholder\" disabled  selected='selected'>Veuillez faire un choix...<\/option><option value=\"Professionnel(le) en activit\u00e9\"  class=\"choice-1 depth-1\"  >Professionnel(le) en activit\u00e9<\/option><option value=\"En recherche d\u2019emploi\"  class=\"choice-2 depth-1\"  >En recherche d\u2019emploi<\/option><option value=\"\u00c9tudiant(e)\"  class=\"choice-3 depth-1\"  >\u00c9tudiant(e)<\/option><option value=\"Dipl\u00f4m\u00e9(e)\"  class=\"choice-4 depth-1\"  >Dipl\u00f4m\u00e9(e)<\/option><option value=\"Immigrant(e)\"  class=\"choice-5 depth-1\"  >Immigrant(e)<\/option><option value=\"Entreprise\"  class=\"choice-6 depth-1\"  >Entreprise<\/option><option value=\"Autre\"  class=\"choice-7 depth-1\"  >Autre<\/option><\/select><\/div><div id=\"wpforms-1072-field_7-container\" class=\"wpforms-field wpforms-field-select wpforms-field-select-style-classic\" data-field-id=\"7\"><label class=\"wpforms-field-label\" for=\"wpforms-1072-field_7\">Niveau de fran\u00e7ais en production orale<\/label><select id=\"wpforms-1072-field_7\" class=\"wpforms-field-medium\" name=\"wpforms[fields][7]\"><option value=\"\" class=\"placeholder\" disabled  selected='selected'>Veuillez faire un choix...<\/option><option value=\"D\u00e9butant\"  class=\"choice-1 depth-1\"  >D\u00e9butant<\/option><option value=\"Interm\u00e9diaire\"  class=\"choice-2 depth-1\"  >Interm\u00e9diaire<\/option><\/select><div class=\"wpforms-field-description\">Quel est, selon vous, votre niveau d'expression orale en fran\u00e7ais?<\/div><\/div><div id=\"wpforms-1072-field_9-container\" class=\"wpforms-field wpforms-field-select wpforms-field-select-style-classic\" data-field-id=\"9\"><label class=\"wpforms-field-label\" for=\"wpforms-1072-field_9\">Niveau de fran\u00e7ais en compr\u00e9hension orale<\/label><select id=\"wpforms-1072-field_9\" class=\"wpforms-field-medium\" name=\"wpforms[fields][9]\"><option value=\"\" class=\"placeholder\" disabled  selected='selected'>Veuillez faire un choix...<\/option><option value=\"D\u00e9butant\"  class=\"choice-1 depth-1\"  >D\u00e9butant<\/option><option value=\"Interm\u00e9diaire\"  class=\"choice-2 depth-1\"  >Interm\u00e9diaire<\/option><\/select><div class=\"wpforms-field-description\">Quel est, selon vous, votre niveau de compr\u00e9hension du fran\u00e7ais parl\u00e9?<\/div><\/div><div id=\"wpforms-1072-field_8-container\" class=\"wpforms-field wpforms-field-select wpforms-field-select-style-classic\" data-field-id=\"8\"><label class=\"wpforms-field-label\" for=\"wpforms-1072-field_8\">Niveau de fran\u00e7ais en production \u00e9crite<\/label><select id=\"wpforms-1072-field_8\" class=\"wpforms-field-medium\" name=\"wpforms[fields][8]\"><option value=\"\" class=\"placeholder\" disabled  selected='selected'>Veuillez faire un choix...<\/option><option value=\"D\u00e9butant\"  class=\"choice-1 depth-1\"  >D\u00e9butant<\/option><option value=\"Interm\u00e9diaire\"  class=\"choice-2 depth-1\"  >Interm\u00e9diaire<\/option><\/select><div class=\"wpforms-field-description\">Quel est, selon vous, votre niveau en fran\u00e7ais \u00e9crit?<\/div><\/div><div id=\"wpforms-1072-field_10-container\" class=\"wpforms-field wpforms-field-select wpforms-field-select-style-classic\" data-field-id=\"10\"><label class=\"wpforms-field-label\" for=\"wpforms-1072-field_10\">Niveau de fran\u00e7ais en compr\u00e9hension \u00e9crite<\/label><select id=\"wpforms-1072-field_10\" class=\"wpforms-field-medium\" name=\"wpforms[fields][10]\"><option value=\"\" class=\"placeholder\" disabled  selected='selected'>Veuillez faire un choix...<\/option><option value=\"D\u00e9butant\"  class=\"choice-2 depth-1\"  >D\u00e9butant<\/option><option value=\"Interm\u00e9diaire\"  class=\"choice-3 depth-1\"  >Interm\u00e9diaire<\/option><\/select><div class=\"wpforms-field-description\">Quel est, selon vous, votre niveau de compr\u00e9hension du fran\u00e7ais \u00e9crit?<\/div><\/div><div id=\"wpforms-1072-field_13-container\" class=\"wpforms-field wpforms-field-repeater wpforms-field-repeater-display-rows\" data-rows-min=\"1\" data-rows-max=\"10\" data-clone-num=\"2\" data-field-id=\"13\"><h3 class=\"wpforms-field-label\">\n\t\t\t\tDisponibilit\u00e9s\n\t\t\t<\/h3><input type=\"hidden\" class=\"wpforms-field-repeater-clone-list\" name=\"wpforms[fields][13][clone_list]\" value=\"[]\"><script type=\"text\/html\" class=\"tmpl-wpforms-field-repeater-template-13-1072\"><div id=\"wpforms-1072-repeater-field_13-clone_{CLONE}\" class=\"wpforms-field-repeater-clone-wrap\" data-clone=\"{CLONE}\">\n\t\t\t\t<div class=\"wpforms-field-layout-rows wpforms-field-medium wpforms-field-repeater-display-rows wpforms-field-repeater-preset-67-33\"><div class=\"wpforms-layout-row\"><div class=\"wpforms-layout-column wpforms-layout-column-67\"><div id=\"wpforms-1072-field_14_{CLONE}-container\" class=\"wpforms-field wpforms-field-select wpforms-field-select-style-classic\" data-field-id=\"14_{CLONE}\"><label class=\"wpforms-field-label\" for=\"wpforms-1072-field_14_{CLONE}\">Jour<\/label><select id=\"wpforms-1072-field_14_{CLONE}\" class=\"wpforms-field-medium\" name=\"wpforms[fields][14_{CLONE}]\"><option value=\"\" class=\"placeholder\" disabled  selected='selected'>Veuillez faire un choix...<\/option><option value=\"Lundi\"  class=\"choice-1 depth-1\"  >Lundi<\/option><option value=\"Mardi\"  class=\"choice-2 depth-1\"  >Mardi<\/option><option value=\"Mercredi\"  class=\"choice-3 depth-1\"  >Mercredi<\/option><option value=\"Jeudi\"  class=\"choice-6 depth-1\"  >Jeudi<\/option><option value=\"Vendredi\"  class=\"choice-5 depth-1\"  >Vendredi<\/option><option value=\"Samedi\"  class=\"choice-4 depth-1\"  >Samedi<\/option><\/select><\/div><\/div><div class=\"wpforms-layout-column wpforms-layout-column-33\"><div id=\"wpforms-1072-field_15_{CLONE}-container\" class=\"wpforms-field wpforms-field-select wpforms-field-select-style-classic\" data-field-id=\"15_{CLONE}\"><label class=\"wpforms-field-label\" for=\"wpforms-1072-field_15_{CLONE}\">P\u00e9riode<\/label><select id=\"wpforms-1072-field_15_{CLONE}\" class=\"wpforms-field-medium\" name=\"wpforms[fields][15_{CLONE}]\"><option value=\"\" class=\"placeholder\" disabled  selected='selected'>Veuillez faire un choix...<\/option><option value=\"Entre 8 h \u00e0 10 h\"  class=\"choice-1 depth-1\"  >Entre 8 h \u00e0 10 h<\/option><option value=\"Entre 10 h et midi\"  class=\"choice-2 depth-1\"  >Entre 10 h et midi<\/option><option value=\"Entre midi et 14 h\"  class=\"choice-3 depth-1\"  >Entre midi et 14 h<\/option><option value=\"Entre 14 h et 16 h\"  class=\"choice-6 depth-1\"  >Entre 14 h et 16 h<\/option><option value=\"Entre 16 h et 18 h\"  class=\"choice-5 depth-1\"  >Entre 16 h et 18 h<\/option><option value=\"Apr\u00e8s 18 h\"  class=\"choice-4 depth-1\"  >Apr\u00e8s 18 h<\/option><\/select><\/div><\/div><div class=\"wpforms-field-repeater-display-rows-buttons\">\n\t\t\t\t<button type=\"button\" class=\"wpforms-field-repeater-button-add\" title=\"Add\">\n\t\t\t\t\t<svg width=\"16\" height=\"17\" fill=\"none\" xmlns=\"http:\/\/www.w3.org\/2000\/svg\"><path d=\"M12.129 7.984v1.032a.392.392 0 0 1-.387.387H8.903v2.839a.392.392 0 0 1-.387.387H7.484a.373.373 0 0 1-.387-.387V9.403H4.258a.373.373 0 0 1-.387-.387V7.984c0-.194.161-.387.387-.387h2.839V4.758c0-.193.161-.387.387-.387h1.032c.194 0 .387.194.387.387v2.839h2.839c.193 0 .387.193.387.387ZM16 8.5c0 4.42-3.58 8-8 8s-8-3.58-8-8 3.58-8 8-8 8 3.58 8 8Zm-1.548 0c0-3.548-2.904-6.452-6.452-6.452A6.45 6.45 0 0 0 1.548 8.5 6.43 6.43 0 0 0 8 14.952 6.45 6.45 0 0 0 14.452 8.5Z\" fill=\"currentColor\"\/><\/svg>\n\t\t\t\t<\/button>\n\t\t\t\t<button type=\"button\" class=\"wpforms-field-repeater-button-remove wpforms-disabled\" title=\"Remove\">\n\t\t\t\t\t<svg width=\"16\" height=\"17\" fill=\"none\" xmlns=\"http:\/\/www.w3.org\/2000\/svg\"><path d=\"M4.258 9.403a.373.373 0 0 1-.387-.387V7.984c0-.194.161-.387.387-.387h7.484c.193 0 .387.193.387.387v1.032a.392.392 0 0 1-.387.387H4.258ZM16 8.5c0 4.42-3.58 8-8 8s-8-3.58-8-8 3.58-8 8-8 8 3.58 8 8Zm-1.548 0c0-3.548-2.904-6.452-6.452-6.452A6.45 6.45 0 0 0 1.548 8.5 6.43 6.43 0 0 0 8 14.952 6.45 6.45 0 0 0 14.452 8.5Z\" fill=\"currentColor\"\/><\/svg>\n\t\t\t\t<\/button>\n\t\t\t<\/div><\/div><\/div>\n\t\t\t<\/div><\/script><div class=\"wpforms-field-layout-rows wpforms-field-medium wpforms-field-repeater-display-rows wpforms-field-repeater-preset-67-33\"><div class=\"wpforms-layout-row\"><div class=\"wpforms-layout-column wpforms-layout-column-67\"><div id=\"wpforms-1072-field_14-container\" class=\"wpforms-field wpforms-field-select wpforms-field-select-style-classic\" data-field-id=\"14\"><label class=\"wpforms-field-label\" for=\"wpforms-1072-field_14\">Jour<\/label><select id=\"wpforms-1072-field_14\" class=\"wpforms-field-medium\" name=\"wpforms[fields][14]\"><option value=\"\" class=\"placeholder\" disabled  selected='selected'>Veuillez faire un choix...<\/option><option value=\"Lundi\"  class=\"choice-1 depth-1\"  >Lundi<\/option><option value=\"Mardi\"  class=\"choice-2 depth-1\"  >Mardi<\/option><option value=\"Mercredi\"  class=\"choice-3 depth-1\"  >Mercredi<\/option><option value=\"Jeudi\"  class=\"choice-6 depth-1\"  >Jeudi<\/option><option value=\"Vendredi\"  class=\"choice-5 depth-1\"  >Vendredi<\/option><option value=\"Samedi\"  class=\"choice-4 depth-1\"  >Samedi<\/option><\/select><\/div><\/div><div class=\"wpforms-layout-column wpforms-layout-column-33\"><div id=\"wpforms-1072-field_15-container\" class=\"wpforms-field wpforms-field-select wpforms-field-select-style-classic\" data-field-id=\"15\"><label class=\"wpforms-field-label\" for=\"wpforms-1072-field_15\">P\u00e9riode<\/label><select id=\"wpforms-1072-field_15\" class=\"wpforms-field-medium\" name=\"wpforms[fields][15]\"><option value=\"\" class=\"placeholder\" disabled  selected='selected'>Veuillez faire un choix...<\/option><option value=\"Entre 8 h \u00e0 10 h\"  class=\"choice-1 depth-1\"  >Entre 8 h \u00e0 10 h<\/option><option value=\"Entre 10 h et midi\"  class=\"choice-2 depth-1\"  >Entre 10 h et midi<\/option><option value=\"Entre midi et 14 h\"  class=\"choice-3 depth-1\"  >Entre midi et 14 h<\/option><option value=\"Entre 14 h et 16 h\"  class=\"choice-6 depth-1\"  >Entre 14 h et 16 h<\/option><option value=\"Entre 16 h et 18 h\"  class=\"choice-5 depth-1\"  >Entre 16 h et 18 h<\/option><option value=\"Apr\u00e8s 18 h\"  class=\"choice-4 depth-1\"  >Apr\u00e8s 18 h<\/option><\/select><\/div><\/div><div class=\"wpforms-field-repeater-display-rows-buttons\">\n\t\t\t\t<button type=\"button\" class=\"wpforms-field-repeater-button-add\" title=\"Add\">\n\t\t\t\t\t<svg width=\"16\" height=\"17\" fill=\"none\" xmlns=\"http:\/\/www.w3.org\/2000\/svg\"><path d=\"M12.129 7.984v1.032a.392.392 0 0 1-.387.387H8.903v2.839a.392.392 0 0 1-.387.387H7.484a.373.373 0 0 1-.387-.387V9.403H4.258a.373.373 0 0 1-.387-.387V7.984c0-.194.161-.387.387-.387h2.839V4.758c0-.193.161-.387.387-.387h1.032c.194 0 .387.194.387.387v2.839h2.839c.193 0 .387.193.387.387ZM16 8.5c0 4.42-3.58 8-8 8s-8-3.58-8-8 3.58-8 8-8 8 3.58 8 8Zm-1.548 0c0-3.548-2.904-6.452-6.452-6.452A6.45 6.45 0 0 0 1.548 8.5 6.43 6.43 0 0 0 8 14.952 6.45 6.45 0 0 0 14.452 8.5Z\" fill=\"currentColor\"\/><\/svg>\n\t\t\t\t<\/button>\n\t\t\t\t<button type=\"button\" class=\"wpforms-field-repeater-button-remove wpforms-disabled\" title=\"Remove\">\n\t\t\t\t\t<svg width=\"16\" height=\"17\" fill=\"none\" xmlns=\"http:\/\/www.w3.org\/2000\/svg\"><path d=\"M4.258 9.403a.373.373 0 0 1-.387-.387V7.984c0-.194.161-.387.387-.387h7.484c.193 0 .387.193.387.387v1.032a.392.392 0 0 1-.387.387H4.258ZM16 8.5c0 4.42-3.58 8-8 8s-8-3.58-8-8 3.58-8 8-8 8 3.58 8 8Zm-1.548 0c0-3.548-2.904-6.452-6.452-6.452A6.45 6.45 0 0 0 1.548 8.5 6.43 6.43 0 0 0 8 14.952 6.45 6.45 0 0 0 14.452 8.5Z\" fill=\"currentColor\"\/><\/svg>\n\t\t\t\t<\/button>\n\t\t\t<\/div><\/div><\/div><\/div><div id=\"wpforms-1072-field_2-container\" class=\"wpforms-field wpforms-field-textarea\" data-field-id=\"2\"><label class=\"wpforms-field-label\" for=\"wpforms-1072-field_2\">Votre message<\/label><textarea id=\"wpforms-1072-field_2\" class=\"wpforms-field-medium\" name=\"wpforms[fields][2]\" ><\/textarea><\/div><\/div><!-- .wpforms-field-container --><div class=\"wpforms-field wpforms-field-hp\"><label for=\"wpforms-1072-field-hp\" class=\"wpforms-field-label\">Email<\/label><input type=\"text\" name=\"wpforms[hp]\" id=\"wpforms-1072-field-hp\" class=\"wpforms-field-medium\"><\/div><div class=\"wpforms-recaptcha-container wpforms-is-recaptcha wpforms-is-recaptcha-type-invisible\" ><div class=\"g-recaptcha\" data-sitekey=\"6LfUIO8UAAAAAI2RqGAJKT9tLdnU8n5bZhcMvePt\" data-size=\"invisible\"><\/div><\/div><div class=\"wpforms-submit-container\" ><input type=\"hidden\" name=\"wpforms[id]\" value=\"1072\"><input type=\"hidden\" name=\"page_title\" value=\"\"><input type=\"hidden\" name=\"page_url\" value=\"https:\/\/itechlang.ca\/services-langagiers\/fr\/wp-json\/wp\/v2\/pages\/1441\"><input type=\"hidden\" name=\"url_referer\" value=\"\"><button type=\"submit\" name=\"wpforms[submit]\" id=\"wpforms-submit-1072\" class=\"wpforms-submit\" data-alt-text=\"Envoi...\" data-submit-text=\"Envoyer\" aria-live=\"assertive\" value=\"wpforms-submit\">Envoyer<\/button><img loading=\"lazy\" decoding=\"async\" src=\"https:\/\/itechlang.ca\/services-langagiers\/wp-content\/plugins\/wpforms\/assets\/images\/submit-spin.svg\" class=\"wpforms-submit-spinner\" style=\"display: none;\" width=\"26\" height=\"26\" alt=\"Chargement en cours\"><\/div><\/form><\/div>  <!-- .wpforms-container -->\n","protected":false},"excerpt":{"rendered":"<p>Contactez-moi \u00e0 l&#8217;aide du formulaire de demande de renseignements ci-dessous pour les cours de francisation.<\/p>\n","protected":false},"author":2,"featured_media":0,"parent":0,"menu_order":0,"comment_status":"closed","ping_status":"closed","template":"page-templates\/page-full-width.php","meta":{"_monsterinsights_skip_tracking":false,"_monsterinsights_sitenote_active":false,"_monsterinsights_sitenote_note":"","_monsterinsights_sitenote_category":0,"footnotes":""},"class_list":["post-1441","page","type-page","status-publish","hentry"],"_links":{"self":[{"href":"https:\/\/itechlang.ca\/services-langagiers\/fr\/wp-json\/wp\/v2\/pages\/1441","targetHints":{"allow":["GET"]}}],"collection":[{"href":"https:\/\/itechlang.ca\/services-langagiers\/fr\/wp-json\/wp\/v2\/pages"}],"about":[{"href":"https:\/\/itechlang.ca\/services-langagiers\/fr\/wp-json\/wp\/v2\/types\/page"}],"author":[{"embeddable":true,"href":"https:\/\/itechlang.ca\/services-langagiers\/fr\/wp-json\/wp\/v2\/users\/2"}],"replies":[{"embeddable":true,"href":"https:\/\/itechlang.ca\/services-langagiers\/fr\/wp-json\/wp\/v2\/comments?post=1441"}],"version-history":[{"count":2,"href":"https:\/\/itechlang.ca\/services-langagiers\/fr\/wp-json\/wp\/v2\/pages\/1441\/revisions"}],"predecessor-version":[{"id":1885,"href":"https:\/\/itechlang.ca\/services-langagiers\/fr\/wp-json\/wp\/v2\/pages\/1441\/revisions\/1885"}],"wp:attachment":[{"href":"https:\/\/itechlang.ca\/services-langagiers\/fr\/wp-json\/wp\/v2\/media?parent=1441"}],"curies":[{"name":"wp","href":"https:\/\/api.w.org\/{rel}","templated":true}]}}