{"id":265,"date":"2019-07-14T19:02:15","date_gmt":"2019-07-14T19:02:15","guid":{"rendered":"http:\/\/itechlang.ca\/test\/?page_id=265"},"modified":"2024-12-09T17:04:45","modified_gmt":"2024-12-09T21:04:45","slug":"autres-services-offerts-demande-de-renseignements","status":"publish","type":"page","link":"https:\/\/itechlang.ca\/services-langagiers\/fr\/autres-services-offerts-demande-de-renseignements\/","title":{"rendered":"Autres services offerts &#8211; Demande de renseignements"},"content":{"rendered":"\n<p>Contactez-moi \u00e0 l&#8217;aide du formulaire de demande de renseignements ci-dessous pour d&#8217;autres services offerts tels que la correction, la r\u00e9vision et la traduction.<\/p>\n\n\n\n<div class=\"wpforms-container wpforms-container-full\" id=\"wpforms-264\"><form id=\"wpforms-form-264\" class=\"wpforms-validate wpforms-form wpforms-ajax-form\" data-formid=\"264\" method=\"post\" enctype=\"multipart\/form-data\" action=\"\/services-langagiers\/fr\/wp-json\/wp\/v2\/pages\/265\" data-token=\"69321e632844f2a1e2526224b80dd8df\" data-token-time=\"1775644827\"><noscript class=\"wpforms-error-noscript\">Veuillez activer JavaScript dans votre navigateur pour remplir ce formulaire.<\/noscript><div class=\"wpforms-field-container\"><div id=\"wpforms-264-field_0-container\" class=\"wpforms-field wpforms-field-name\" data-field-id=\"0\"><label class=\"wpforms-field-label\">Nom <span class=\"wpforms-required-label\">*<\/span><\/label><div class=\"wpforms-field-row wpforms-field-medium\"><div class=\"wpforms-field-row-block wpforms-first wpforms-one-half\"><input type=\"text\" id=\"wpforms-264-field_0\" class=\"wpforms-field-name-first wpforms-field-required\" name=\"wpforms[fields][0][first]\" required><label for=\"wpforms-264-field_0\" class=\"wpforms-field-sublabel after\">Pr\u00e9nom<\/label><\/div><div class=\"wpforms-field-row-block wpforms-one-half\"><input type=\"text\" id=\"wpforms-264-field_0-last\" class=\"wpforms-field-name-last wpforms-field-required\" name=\"wpforms[fields][0][last]\" required><label for=\"wpforms-264-field_0-last\" class=\"wpforms-field-sublabel after\">Nom<\/label><\/div><\/div><\/div><div id=\"wpforms-264-field_1-container\" class=\"wpforms-field wpforms-field-email\" data-field-id=\"1\"><label class=\"wpforms-field-label\" for=\"wpforms-264-field_1\">Courriel <span class=\"wpforms-required-label\">*<\/span><\/label><div class=\"wpforms-field-row wpforms-field-medium\"><div class=\"wpforms-field-row-block wpforms-one-half wpforms-first\"><input type=\"email\" id=\"wpforms-264-field_1\" class=\"wpforms-field-required wpforms-field-email-primary\" name=\"wpforms[fields][1][primary]\" spellcheck=\"false\" required><label for=\"wpforms-264-field_1\" class=\"wpforms-field-sublabel after wpforms-sublabel-hide\">Courriel<\/label><\/div><div class=\"wpforms-field-row-block wpforms-one-half\"><input type=\"email\" id=\"wpforms-264-field_1-secondary\" class=\"wpforms-field-email-secondary wpforms-field-required\" data-rule-confirm=\"#wpforms-264-field_1\" name=\"wpforms[fields][1][secondary]\" placeholder=\"Confirmez votre courriel\" spellcheck=\"false\" required><label for=\"wpforms-264-field_1-secondary\" class=\"wpforms-field-sublabel after wpforms-sublabel-hide\">Confirmez l\u2019e-mail<\/label><\/div><\/div><\/div><div id=\"wpforms-264-field_6-container\" class=\"wpforms-field wpforms-field-text\" data-field-id=\"6\"><label class=\"wpforms-field-label\" for=\"wpforms-264-field_6\">T\u00e9l\u00e9phone<\/label><input type=\"text\" id=\"wpforms-264-field_6\" class=\"wpforms-field-medium\" name=\"wpforms[fields][6]\" ><\/div><div id=\"wpforms-264-field_5-container\" class=\"wpforms-field wpforms-field-checkbox\" data-field-id=\"5\"><label class=\"wpforms-field-label\">Objet de votre demande <span class=\"wpforms-required-label\">*<\/span><\/label><ul id=\"wpforms-264-field_5\" class=\"wpforms-field-required\"><li class=\"choice-1 depth-1\"><input type=\"checkbox\" id=\"wpforms-264-field_5_1\" name=\"wpforms[fields][5][]\" value=\"Correction de textes r\u00e9dig\u00e9s en fran\u00e7ais\" required ><label class=\"wpforms-field-label-inline\" for=\"wpforms-264-field_5_1\">Correction de textes r\u00e9dig\u00e9s en fran\u00e7ais<\/label><\/li><li class=\"choice-2 depth-1\"><input type=\"checkbox\" id=\"wpforms-264-field_5_2\" name=\"wpforms[fields][5][]\" value=\"R\u00e9vision linguistique de textes r\u00e9dig\u00e9s en fran\u00e7ais\" required ><label class=\"wpforms-field-label-inline\" for=\"wpforms-264-field_5_2\">R\u00e9vision linguistique de textes r\u00e9dig\u00e9s en fran\u00e7ais<\/label><\/li><li class=\"choice-3 depth-1\"><input type=\"checkbox\" id=\"wpforms-264-field_5_3\" name=\"wpforms[fields][5][]\" value=\"R\u00e9vision comparative bilingue de textes traduits de l\u2019anglais vers le fran\u00e7ais\" required ><label class=\"wpforms-field-label-inline\" for=\"wpforms-264-field_5_3\">R\u00e9vision comparative bilingue de textes traduits de l\u2019anglais vers le fran\u00e7ais<\/label><\/li><li class=\"choice-4 depth-1\"><input type=\"checkbox\" id=\"wpforms-264-field_5_4\" name=\"wpforms[fields][5][]\" value=\"Traduction de textes de l\u2019anglais vers le fran\u00e7ais\" required ><label class=\"wpforms-field-label-inline\" for=\"wpforms-264-field_5_4\">Traduction de textes de l\u2019anglais vers le fran\u00e7ais<\/label><\/li><\/ul><\/div><div id=\"wpforms-264-field_7-container\" class=\"wpforms-field wpforms-field-text\" data-field-id=\"7\"><label class=\"wpforms-field-label\" for=\"wpforms-264-field_7\">Domaine d&#039;activit\u00e9 <span class=\"wpforms-required-label\">*<\/span><\/label><input type=\"text\" id=\"wpforms-264-field_7\" class=\"wpforms-field-medium wpforms-field-required\" name=\"wpforms[fields][7]\" required><div class=\"wpforms-field-description\">Pr\u00e9cisez le domaine d'activit\u00e9 li\u00e9 aux travaux demand\u00e9s.<\/div><\/div><div id=\"wpforms-264-field_2-container\" class=\"wpforms-field wpforms-field-textarea\" data-field-id=\"2\"><label class=\"wpforms-field-label\" for=\"wpforms-264-field_2\">Votre message<\/label><textarea id=\"wpforms-264-field_2\" class=\"wpforms-field-medium\" name=\"wpforms[fields][2]\" ><\/textarea><\/div><\/div><!-- .wpforms-field-container --><div class=\"wpforms-field wpforms-field-hp\"><label for=\"wpforms-264-field-hp\" class=\"wpforms-field-label\">Phone<\/label><input type=\"text\" name=\"wpforms[hp]\" id=\"wpforms-264-field-hp\" class=\"wpforms-field-medium\"><\/div><div class=\"wpforms-recaptcha-container wpforms-is-recaptcha wpforms-is-recaptcha-type-invisible\" ><div class=\"g-recaptcha\" data-sitekey=\"6LfUIO8UAAAAAI2RqGAJKT9tLdnU8n5bZhcMvePt\" data-size=\"invisible\"><\/div><\/div><div class=\"wpforms-submit-container\" ><input type=\"hidden\" name=\"wpforms[id]\" value=\"264\"><input type=\"hidden\" name=\"page_title\" value=\"\"><input type=\"hidden\" name=\"page_url\" value=\"https:\/\/itechlang.ca\/services-langagiers\/fr\/wp-json\/wp\/v2\/pages\/265\"><input type=\"hidden\" name=\"url_referer\" value=\"\"><button type=\"submit\" name=\"wpforms[submit]\" id=\"wpforms-submit-264\" class=\"wpforms-submit\" data-alt-text=\"Envoi...\" data-submit-text=\"Envoyer\" aria-live=\"assertive\" value=\"wpforms-submit\">Envoyer<\/button><img loading=\"lazy\" decoding=\"async\" src=\"https:\/\/itechlang.ca\/services-langagiers\/wp-content\/plugins\/wpforms\/assets\/images\/submit-spin.svg\" class=\"wpforms-submit-spinner\" style=\"display: none;\" width=\"26\" height=\"26\" alt=\"Chargement en cours\"><\/div><\/form><\/div>  <!-- .wpforms-container -->\n","protected":false},"excerpt":{"rendered":"<p>Contactez-moi \u00e0 l&#8217;aide du formulaire de demande de renseignements ci-dessous pour d&#8217;autres services offerts tels que la correction, la r\u00e9vision et la traduction.<\/p>\n","protected":false},"author":2,"featured_media":0,"parent":0,"menu_order":0,"comment_status":"closed","ping_status":"closed","template":"page-templates\/page-full-width.php","meta":{"_monsterinsights_skip_tracking":false,"_monsterinsights_sitenote_active":false,"_monsterinsights_sitenote_note":"","_monsterinsights_sitenote_category":0,"footnotes":""},"class_list":["post-265","page","type-page","status-publish","hentry"],"_links":{"self":[{"href":"https:\/\/itechlang.ca\/services-langagiers\/fr\/wp-json\/wp\/v2\/pages\/265","targetHints":{"allow":["GET"]}}],"collection":[{"href":"https:\/\/itechlang.ca\/services-langagiers\/fr\/wp-json\/wp\/v2\/pages"}],"about":[{"href":"https:\/\/itechlang.ca\/services-langagiers\/fr\/wp-json\/wp\/v2\/types\/page"}],"author":[{"embeddable":true,"href":"https:\/\/itechlang.ca\/services-langagiers\/fr\/wp-json\/wp\/v2\/users\/2"}],"replies":[{"embeddable":true,"href":"https:\/\/itechlang.ca\/services-langagiers\/fr\/wp-json\/wp\/v2\/comments?post=265"}],"version-history":[{"count":7,"href":"https:\/\/itechlang.ca\/services-langagiers\/fr\/wp-json\/wp\/v2\/pages\/265\/revisions"}],"predecessor-version":[{"id":1884,"href":"https:\/\/itechlang.ca\/services-langagiers\/fr\/wp-json\/wp\/v2\/pages\/265\/revisions\/1884"}],"wp:attachment":[{"href":"https:\/\/itechlang.ca\/services-langagiers\/fr\/wp-json\/wp\/v2\/media?parent=265"}],"curies":[{"name":"wp","href":"https:\/\/api.w.org\/{rel}","templated":true}]}}