{"id":68,"date":"2019-07-13T19:41:39","date_gmt":"2019-07-13T19:41:39","guid":{"rendered":"http:\/\/itechlang.ca\/test\/?page_id=68"},"modified":"2025-08-30T06:37:39","modified_gmt":"2025-08-30T10:37:39","slug":"temoignages","status":"publish","type":"page","link":"https:\/\/itechlang.ca\/services-langagiers\/fr\/temoignages\/","title":{"rendered":"T\u00e9moignages"},"content":{"rendered":"\n<p><em><strong>Patricia, dentiste<\/strong><\/em><\/p>\n\n\n\n<blockquote class=\"wp-block-quote is-layout-flow wp-block-quote-is-layout-flow\">\n<p>\u00ab&nbsp;J\u2019aimerais vous recommander V\u00e9ronique Lebreton comme professeure de fran\u00e7ais. V\u00e9ronique est tr\u00e8s gentille, patiente et compr\u00e9hensive. Apprendre une nouvelle langue est une t\u00e2che tr\u00e8s difficile pour de nombreuses personnes et peut \u00eatre parfois frustrant.&nbsp; Il y avait&nbsp;des matins o\u00f9 je n\u2019avais pas envie de travailler; malgr\u00e9 cela, elle m\u2019aidait \u00e0 continuer \u00e0 apprendre sans me faire me sentir mal. Elle m\u2019encourageait beaucoup et s\u2019adaptait toujours \u00e0 mon horaire charg\u00e9. V\u00e9ronique est tr\u00e8s comp\u00e9tente et a un bon programme d\u2019apprentissage. Je pensais vraiment que je ne r\u00e9ussirais jamais l\u2019examen de l\u2019OQLF, mais V\u00e9ronique a rendu cela possible. Maintenant que j\u2019ai r\u00e9ussi l\u2019examen, \u00e7a me manque de ne plus lui parler chaque semaine. Ce sont les raisons pour lesquelles je crois que V\u00e9ronique peut vous aider \u00e0 apprendre ou \u00e0 am\u00e9liorer votre fran\u00e7ais comme elle l\u2019a fait&nbsp;pour moi.&nbsp;\u00bb<\/p>\n<\/blockquote>\n\n\n\n<p><em><strong>Mary-Ellen, directrice g\u00e9n\u00e9rale<\/strong><\/em><\/p>\n\n\n\n<blockquote class=\"wp-block-quote is-layout-flow wp-block-quote-is-layout-flow\">\n<p>\u00ab&nbsp;Je tiens \u00e0 exprimer mes sinc\u00e8res remerciements \u00e0 V\u00e9ronique pour son soutien professionnel pendant ma formation linguistique en fran\u00e7ais. Durant la formation, j\u2019ai \u00e9t\u00e9 extr\u00eamement impressionn\u00e9e par son grand d\u00e9vouement, son souci du d\u00e9tail et, en particulier, sa cr\u00e9ativit\u00e9. Le temps pass\u00e9 ensemble a \u00e9t\u00e9 tr\u00e8s productif et, \u00e0 terme, m\u2019a permis d\u2019atteindre mes objectifs d\u2019apprentissage. Les styles d\u2019apprentissage sont uniques \u00e0 chaque personne, et je f\u00e9licite V\u00e9ronique pour son aptitude \u00e0 s\u2019adapter au mien. Ma\u00eetriser une nouvelle langue est un d\u00e9fi de taille, mais, gr\u00e2ce \u00e0 son soutien et \u00e0 son encadrement, j\u2019ai r\u00e9ussi \u00e0 atteindre cet objectif.&nbsp;\u00bb<\/p>\n<\/blockquote>\n\n\n\n<p><strong><em>Leah, avocate<\/em><\/strong><\/p>\n\n\n\n<blockquote class=\"wp-block-quote is-layout-flow wp-block-quote-is-layout-flow\">\n<p> \u00ab V\u00e9ronique personnalise ses cours pour vous. Elle corrige des travaux \u00e9crits de fa\u00e7on rigoureuse, expliquant soigneusement les r\u00e8gles de grammaire et sugg\u00e9rant comment rendre vos textes plus idiomatiques. Pour pratiquer l\u2019expression orale, nous conversons sur des sujets int\u00e9ressants, et elle me corrige au fur et \u00e0 mesure. C\u2019est amusant! Elle m\u2019envoie aussi des notes tr\u00e8s utiles \u00e0 la fin de chaque le\u00e7on. V\u00e9ronique est tr\u00e8s fiable, et c\u2019est pratique de suivre des cours sur mesure en ligne. Je recommande fortement la formation en ligne avec V\u00e9ronique.  \u00bb  <\/p>\n<\/blockquote>\n\n\n\n<p><strong><em>Eva, psychoth\u00e9rapeute<\/em><\/strong><\/p>\n\n\n\n<blockquote class=\"wp-block-quote is-layout-flow wp-block-quote-is-layout-flow\">\n<p> \u00ab&nbsp;V\u00e9ronique est une professeure de fran\u00e7ais attentionn\u00e9e, attentive, comp\u00e9tente et passionn\u00e9e. Elle aide toujours ses apprenant(e)s et se pr\u00e9occupe beaucoup de leur d\u00e9veloppement et de leurs progr\u00e8s. Elle fait au besoin des suggestions appropri\u00e9es qui permettent aux apprenant(e)s d\u2019am\u00e9liorer leur niveau de comp\u00e9tence linguistique. Je la recommande vivement sans h\u00e9sitation!&nbsp;\u00bb <\/p>\n<\/blockquote>\n\n\n\n<p><strong><em>Michelle, dentiste<\/em><\/strong><\/p>\n\n\n\n<blockquote class=\"wp-block-quote is-layout-flow wp-block-quote-is-layout-flow\">\n<p>\u00ab&nbsp;J&#8217;ai suivi pendant sept mois des cours priv\u00e9s en ligne avec V\u00e9ronique pour apprendre le fran\u00e7ais, et elle est une excellente professeure. En tant que dentiste se pr\u00e9parant aux examens de l&#8217;OQLF, il \u00e9tait important que j\u2019aie un professeur qui puisse non seulement m&#8217;enseigner le fran\u00e7ais de base, mais aussi la terminologie technique de la dentisterie requise pour l&#8217;examen. Elle a cr\u00e9\u00e9 des ressources tr\u00e8s utiles et pertinentes en dentisterie pour aborder toutes les phrases et les termes utilis\u00e9s couramment dans ce domaine. J&#8217;\u00e9tais une vraie d\u00e9butante et j&#8217;ai d\u00fb commencer par apprendre l\u2019alphabet en fran\u00e7ais, mais gr\u00e2ce \u00e0 l&#8217;aide de V\u00e9ronique, j&#8217;ai r\u00e9ussi \u00e0 apprendre le fran\u00e7ais en tr\u00e8s peu de temps. Elle se soucie vraiment de ses apprenant(e)s et consacre du temps \u00e0 leur cr\u00e9er des plans de cours personnalis\u00e9s r\u00e9pondant \u00e0 leurs besoins. Au fur et \u00e0 mesure de mes progr\u00e8s, V\u00e9ronique adaptait les cours gr\u00e2ce \u00e0 des moyens cr\u00e9atifs pour se concentrer sur les sujets qui n\u00e9cessitaient une pratique suppl\u00e9mentaire, ce qui permettait de maintenir mon int\u00e9r\u00eat et ma motivation. Je recommanderais fortement V\u00e9ronique \u00e0 toute personne qui souhaiterait apprendre le fran\u00e7ais que ce soit pour des raisons personnelles ou professionnelles.&nbsp;\u00bb<\/p>\n<\/blockquote>\n\n\n\n<p><strong><em>Carlin, dentiste p\u00e9diatrique<\/em><\/strong><\/p>\n\n\n\n<blockquote class=\"wp-block-quote is-layout-flow wp-block-quote-is-layout-flow\">\n<p>\u00ab&nbsp;J\u2019avais essay\u00e9 plusieurs cours priv\u00e9s et de groupe, mais je cherchais quelqu\u2019un qui m\u2019enseignerait le fran\u00e7ais de mani\u00e8re organis\u00e9e et bien planifi\u00e9e en faisant preuve de patience et en ne portant pas de jugement. V\u00e9ronique est une professeure tr\u00e8s gentille et consciencieuse. Au d\u00e9but de la formation, elle a \u00e9labor\u00e9 un programme d\u2019apprentissage avec la mati\u00e8re \u00e0 \u00e9tudier et, au fur et \u00e0 mesure de notre travail, elle prenait des notes sur mes progr\u00e8s, sur les exercices que j\u2019avais faits et sur les sujets qui repr\u00e9sentaient un peu de d\u00e9fi pour moi. Maintenant, je me sens plus \u00e0 l\u2019aise quand je parle fran\u00e7ais au travail et j&#8217;ai r\u00e9ussi l&#8217;examen de l&#8217;OQLF. V\u00e9ronique donne de nombreux conseils et astuces pour s\u2019am\u00e9liorer dans la ma\u00eetrise de la langue. Je la recommanderais \u00e0 toute personne souhaitant apprendre le fran\u00e7ais!&nbsp;\u00bb<\/p>\n<\/blockquote>\n\n\n\n<p> <em><strong>Peter, psychologue clinicien<\/strong><\/em><\/p>\n\n\n\n<blockquote class=\"wp-block-quote is-layout-flow wp-block-quote-is-layout-flow\">\n<p>\u00ab Bien que j\u2019aie grandi \u00e0 Montr\u00e9al, j\u2019ai grandi dans une famille anglophone et j\u2019ai \u00e9t\u00e9 \u00e9duqu\u00e9 en anglais. \u00c0 l\u2019\u00e2ge de 24&nbsp;ans, j\u2019ai d\u00e9m\u00e9nag\u00e9 aux \u00c9tats-Unis o\u00f9 j\u2019ai v\u00e9cu pendant 27&nbsp;ans. \u00c0 mon retour \u00e0 Montr\u00e9al, j\u2019avais absolument besoin d\u2019am\u00e9liorer mon fran\u00e7ais non seulement pour fonctionner dans la soci\u00e9t\u00e9, mais aussi pour travailler, ce qui exigeait de r\u00e9ussir \u00e0 l\u2019examen de l\u2019Office qu\u00e9b\u00e9cois de la langue fran\u00e7aise.<\/p>\n\n\n\n<p>J\u2019ai travaill\u00e9 en ligne avec la professeure V\u00e9ronique Lebreton pendant plus d\u2019un an et j\u2019ai remarqu\u00e9 qu\u2019en combinant toutes ses excellentes le\u00e7ons et qu\u2019en les appliquant pour comprendre des \u00e9missions de radio, de t\u00e9l\u00e9vision, des articles de journaux et qu\u2019en m\u2019immergeant dans la culture francophone du Qu\u00e9bec, m\u00eame en \u00e9tant au d\u00e9but de la cinquantaine, mes comp\u00e9tences en fran\u00e7ais ont commenc\u00e9 \u00e0 s\u2019am\u00e9liorer assez rapidement.<\/p>\n\n\n\n<p>V\u00e9ronique a \u00e9t\u00e9 formidable en m\u2019aidant \u00e0 pr\u00e9parer l\u2019examen de fran\u00e7ais, mais ce n\u2019\u00e9tait pas son seul objectif pour moi\u2009; elle s\u2019est efforc\u00e9e \u00e9galement de m\u2019aider \u00e0 parler, \u00e0 lire et \u00e0 \u00e9crire couramment pour que je m\u2019int\u00e8gre bien \u00e0 la soci\u00e9t\u00e9 francophone du Qu\u00e9bec.<\/p>\n\n\n\n<p>Heureusement, lors de mon deuxi\u00e8me essai, j\u2019ai r\u00e9ussi l\u2019examen provincial avec des notes tr\u00e8s \u00e9lev\u00e9es et j\u2019ai pu continuer \u00e0 am\u00e9liorer mes comp\u00e9tences en fran\u00e7ais dans le cadre de ma profession de psychologue clinicien.<\/p>\n\n\n\n<p>Je tiens vraiment \u00e0 remercier V\u00e9ronique d\u2019avoir orient\u00e9 les cours dans le but de m\u2019aider dans ma profession en am\u00e9liorant mes comp\u00e9tences de psychologue, telles que comprendre les patients et leur parler de mani\u00e8re appropri\u00e9e, discuter de cas avec d\u2019autres professionnels et r\u00e9diger des rapports.<\/p>\n\n\n\n<p>En terminant, je recommande fortement la professeure V\u00e9ronique Lebreton \u00e0 tous ceux qui d\u00e9sirent vraiment am\u00e9liorer leur fran\u00e7ais!! \u00bb<\/p>\n<\/blockquote>\n\n\n\n<p><strong><em>Samantha, \u00e9tudiante<\/em><\/strong><\/p>\n\n\n\n<blockquote class=\"wp-block-quote is-layout-flow wp-block-quote-is-layout-flow\">\n<p> \u00ab&nbsp;J\u2019ai \u00e9tudi\u00e9 avec V\u00e9ronique pendant environ un an dans le but de me pr\u00e9parer \u00e0 un examen de fran\u00e7ais que je devais passer tout en travaillant et en suivant d\u2019autres cours. V\u00e9ronique veillait \u00e0 ce que j\u2019apprenne le fran\u00e7ais sans \u00eatre submerg\u00e9e par les le\u00e7ons, les devoirs ou l\u2019horaire et elle a travaill\u00e9 avec moi pour qu\u2019on \u00e9tudie sp\u00e9cifiquement ce dont j\u2019avais besoin. Si V\u00e9ronique m\u2019avait enseign\u00e9 le fran\u00e7ais \u00e0 l\u2019\u00e9cole primaire, mon fran\u00e7ais serait aujourd\u2019hui parfait \u00e0 100 % (mais malheureusement, \u00e7a n&#8217;est pas le cas). Cela a \u00e9t\u00e9 un r\u00e9el plaisir de travailler avec elle, et je vous recommande vivement ses services si vous souhaitez apprendre le fran\u00e7ais, quelle que soit votre situation.&nbsp;\u00bb<\/p>\n<\/blockquote>\n\n\n\n<p><strong><em>Sahar, dentiste<\/em><\/strong><\/p>\n\n\n\n<blockquote class=\"wp-block-quote is-layout-flow wp-block-quote-is-layout-flow\">\n<p>\u00ab&nbsp;V\u00e9ronique m\u2019a aid\u00e9 \u00e0 perfectionner mon fran\u00e7ais \u00e9crit et \u00e0 acqu\u00e9rir les comp\u00e9tences et la confiance n\u00e9cessaires pour r\u00e9ussir l\u2019examen de l\u2019OQLF. Malgr\u00e9 ma demande d\u2019aide de derni\u00e8re minute, elle a rapidement cr\u00e9\u00e9 un programme se concentrant sur les sujets o\u00f9 j\u2019avais le plus besoin d\u2019aide et a personnalis\u00e9 les cours en fonction de mes besoins au fur et \u00e0 mesure qu\u2019elle se familiarisait avec mon niveau de fran\u00e7ais.&nbsp; Elle a su optimiser le temps limit\u00e9 dont nous disposions avant l\u2019examen et s\u2019est concentr\u00e9e sur les concepts pertinents pour l\u2019examen de l\u2019OQLF. En quelques cours, j\u2019ai r\u00e9ellement pu constater une am\u00e9lioration de mon \u00e9criture et je me suis sentie bien pr\u00e9par\u00e9e pour le jour de l\u2019examen! Merci V\u00e9ronique!&nbsp;\u00bb<\/p>\n<\/blockquote>\n\n\n\n<p><strong><em>Didem, dentiste radiologiste<\/em><\/strong><\/p>\n\n\n\n<blockquote class=\"wp-block-quote is-layout-flow wp-block-quote-is-layout-flow\">\n<p>\u00ab V\u00e9ronique a \u00e9t\u00e9 une excellente ressource pour m&#8217;aider \u00e0 apprendre le fran\u00e7ais. Elle est extr\u00eamement s\u00e9rieuse et passionn\u00e9e par son travail. Gr\u00e2ce \u00e0 sa m\u00e9thode d\u2019enseignement personnalis\u00e9e, elle m&#8217;a permis de me sentir plus en confiance et d&#8217;am\u00e9liorer rapidement mes comp\u00e9tences en fran\u00e7ais. Elle est tr\u00e8s compr\u00e9hensive et fait de son mieux pour r\u00e9pondre aux besoins de ses apprenant(e)s. Ses critiques constructives m&#8217;ont motiv\u00e9e \u00e0 de nombreuses reprises lorsque je me sentais perdue. Je la recommande vivement \u00e0 tout le monde. \u00bb<\/p>\n<\/blockquote>\n\n\n\n<p><em><strong>Mehrnoosh, dentiste<\/strong><\/em><\/p>\n\n\n\n<blockquote class=\"wp-block-quote is-layout-flow wp-block-quote-is-layout-flow\">\n<p>\u00ab J&#8217;ai contact\u00e9 V\u00e9ronique en panique quelques semaines seulement avant mon examen de l\u2019OQLF (celui pour les dentistes). Elle a \u00e9t\u00e9 tr\u00e8s r\u00e9active et serviable, et nous avons commenc\u00e9 notre cours peu de temps apr\u00e8s. Elle a adapt\u00e9 le cours \u00e0 mes besoins personnels et \u00e0 mes circonstances inhabituelles, et j&#8217;ai pu r\u00e9ussir l&#8217;examen gr\u00e2ce \u00e0 elle. V\u00e9ronique est tr\u00e8s professionnelle, organis\u00e9e, comp\u00e9tente et, surtout, c&#8217;est une personne tr\u00e8s gentille et compr\u00e9hensive. Elle est LA professeure incontournable pour vos besoins li\u00e9s aux examens de l\u2019OQLF!! \u00bb<\/p>\n<\/blockquote>\n\n\n\n<p><strong><em>Jenny, dentiste<\/em><\/strong><\/p>\n\n\n\n<p><\/p>\n\n\n\n<blockquote class=\"wp-block-quote is-layout-flow wp-block-quote-is-layout-flow\">\n<p>\u00ab Excellente exp\u00e9rience avec V\u00e9ronique! Je suis dentiste et j&#8217;ai travaill\u00e9 avec V\u00e9ronique pour pr\u00e9parer l&#8217;examen de fran\u00e7ais de l&#8217;OQLF au Qu\u00e9bec. J&#8217;ai la chance d&#8217;avoir d\u00e9j\u00e0 de bonnes bases en fran\u00e7ais, mais il me manquait des connaissances au niveau du jargon dentaire, et je n&#8217;\u00e9tais pas \u00e0 l&#8217;aise lorsque je devais interagir avec des patients francophones. V\u00e9ronique a travaill\u00e9 intensivement avec moi pour me former et am\u00e9liorer mes comp\u00e9tences et mon aisance \u00e0 l&#8217;oral comme \u00e0 l&#8217;\u00e9crit. Je ne la remercierai jamais assez. Elle a toujours fait preuve d&#8217;un grand professionnalisme et d&#8217;une grande patience. J&#8217;ai tellement appr\u00e9ci\u00e9 notre exp\u00e9rience que je fais appel \u00e0 ses services pour aider ma fille. Je la recommande vivement!! \u00bb<\/p>\n<\/blockquote>\n\n\n\n<p><strong><em>Piya, rhumatologue p\u00e9diatre<\/em><\/strong><\/p>\n\n\n\n<blockquote class=\"wp-block-quote is-layout-flow wp-block-quote-is-layout-flow\">\n<p>\u00ab V\u00e9ronique est gentille, patiente et extr\u00eamement rigoureuse. Elle a bien pris le temps de comprendre mes besoins en mati\u00e8re d&#8217;apprentissage et a adapt\u00e9 son enseignement en cons\u00e9quence. Gr\u00e2ce \u00e0 son soutien et \u00e0 ses explications claires, je me suis sentie pr\u00eate et confiante pour passer l&#8217;examen de l&#8217;OQLF. Je la recommande vivement \u00e0 tous ceux qui se pr\u00e9parent \u00e0 l&#8217;examen ou qui apprennent le fran\u00e7ais! \u00bb<\/p>\n<\/blockquote>\n\n\n\n<p>D\u2019autres t\u00e9moignages sont \u00e0 venir.<\/p>\n\n\n\n<p><\/p>\n","protected":false},"excerpt":{"rendered":"<p>Patricia, dentiste \u00ab&nbsp;J\u2019aimerais vous recommander V\u00e9ronique Lebreton comme professeure de fran\u00e7ais. V\u00e9ronique est tr\u00e8s gentille, patiente et compr\u00e9hensive. Apprendre une nouvelle langue est une t\u00e2che tr\u00e8s difficile pour de nombreuses personnes et peut \u00eatre parfois frustrant.&nbsp; Il y avait&nbsp;des matins o\u00f9 je n\u2019avais pas envie de travailler; malgr\u00e9 cela, elle<\/p>\n","protected":false},"author":2,"featured_media":0,"parent":0,"menu_order":0,"comment_status":"closed","ping_status":"closed","template":"page-templates\/page-full-width.php","meta":{"_monsterinsights_skip_tracking":false,"_monsterinsights_sitenote_active":false,"_monsterinsights_sitenote_note":"","_monsterinsights_sitenote_category":0,"footnotes":""},"class_list":["post-68","page","type-page","status-publish","hentry"],"_links":{"self":[{"href":"https:\/\/itechlang.ca\/services-langagiers\/fr\/wp-json\/wp\/v2\/pages\/68","targetHints":{"allow":["GET"]}}],"collection":[{"href":"https:\/\/itechlang.ca\/services-langagiers\/fr\/wp-json\/wp\/v2\/pages"}],"about":[{"href":"https:\/\/itechlang.ca\/services-langagiers\/fr\/wp-json\/wp\/v2\/types\/page"}],"author":[{"embeddable":true,"href":"https:\/\/itechlang.ca\/services-langagiers\/fr\/wp-json\/wp\/v2\/users\/2"}],"replies":[{"embeddable":true,"href":"https:\/\/itechlang.ca\/services-langagiers\/fr\/wp-json\/wp\/v2\/comments?post=68"}],"version-history":[{"count":35,"href":"https:\/\/itechlang.ca\/services-langagiers\/fr\/wp-json\/wp\/v2\/pages\/68\/revisions"}],"predecessor-version":[{"id":1910,"href":"https:\/\/itechlang.ca\/services-langagiers\/fr\/wp-json\/wp\/v2\/pages\/68\/revisions\/1910"}],"wp:attachment":[{"href":"https:\/\/itechlang.ca\/services-langagiers\/fr\/wp-json\/wp\/v2\/media?parent=68"}],"curies":[{"name":"wp","href":"https:\/\/api.w.org\/{rel}","templated":true}]}}