{"id":74,"date":"2019-07-13T19:45:00","date_gmt":"2019-07-13T19:45:00","guid":{"rendered":"http:\/\/itechlang.ca\/test\/?page_id=74"},"modified":"2024-12-09T12:00:36","modified_gmt":"2024-12-09T16:00:36","slug":"avantages-de-lenseignement-sur-mesure-et-en-ligne","status":"publish","type":"page","link":"https:\/\/itechlang.ca\/services-langagiers\/fr\/avantages-de-lenseignement-sur-mesure-et-en-ligne\/","title":{"rendered":"Avantages de l&#8217;enseignement sur mesure et en ligne"},"content":{"rendered":"\n<h4 class=\"custom-text-box-line\">&nbsp;<i class=\"fa-solid fa-fire-flame-curved\"><\/i>&nbsp;&nbsp;Quelques avantages de l&#8217;enseignement sur mesure<\/h4>\n\n\n\n<ul class=\"wp-block-list list-curve-arrow\">\n<li>L\u2019enseignement est personnalis\u00e9, c\u2019est-\u00e0-dire qu\u2019il adapt\u00e9 aux besoins particuliers de l\u2019apprenant(e).<\/li>\n\n\n\n<li>Les connaissances d\u00e9j\u00e0 acquises et ma\u00eetris\u00e9es sont prises en compte.<\/li>\n\n\n\n<li>L\u2019enseignement est centr\u00e9 uniquement sur les besoins et les objectifs de l\u2019apprenant(e).<\/li>\n\n\n\n<li>L\u2019enseignement est adapt\u00e9 au rythme d\u2019apprentissage de l\u2019apprenant(e).<\/li>\n\n\n\n<li>L\u2019horaire et la fr\u00e9quence des cours ou des s\u00e9ances de tutorat sont flexibles.<\/li>\n<\/ul>\n\n\n\n<h4 class=\"custom-text-box-line\">&nbsp;<i class=\"fa-solid fa-fire-flame-curved\"><\/i>&nbsp;&nbsp;Quelques avantages de l\u2019enseignement en ligne<\/h4>\n\n\n\n<ul class=\"wp-block-list list-curve-arrow\">\n<li>Il n\u2019y a pas d\u2019interruption forc\u00e9e en raison du mauvais temps ou d\u2019un probl\u00e8me de d\u00e9placement.<\/li>\n\n\n\n<li>L\u2019enseignement peut \u00eatre suivi de n&#8217;importe quel endroit, que ce soit au Canada ou \u00e0 l\u2019\u00e9tranger.<\/li>\n\n\n\n<li>L\u2019enseignement offert en groupe peut \u00eatre suivi par des personnes qui sont dispers\u00e9es g\u00e9ographiquement.<\/li>\n\n\n\n<li>Toutes les ressources p\u00e9dagogiques sont en format \u00e9lectronique et peuvent \u00eatre sauvegard\u00e9es et imprim\u00e9es.<\/li>\n\n\n\n<li>La vari\u00e9t\u00e9 des outils technologiques disponibles rend l\u2019apprentissage tr\u00e8s efficace, constructif et convivial.<\/li>\n<\/ul>\n","protected":false},"excerpt":{"rendered":"<p>&nbsp;&nbsp;&nbsp;Quelques avantages de l&#8217;enseignement sur mesure &nbsp;&nbsp;&nbsp;Quelques avantages de l\u2019enseignement en ligne<\/p>\n","protected":false},"author":2,"featured_media":0,"parent":0,"menu_order":0,"comment_status":"closed","ping_status":"closed","template":"page-templates\/page-full-width.php","meta":{"_monsterinsights_skip_tracking":false,"_monsterinsights_sitenote_active":false,"_monsterinsights_sitenote_note":"","_monsterinsights_sitenote_category":0,"footnotes":""},"class_list":["post-74","page","type-page","status-publish","hentry"],"_links":{"self":[{"href":"https:\/\/itechlang.ca\/services-langagiers\/fr\/wp-json\/wp\/v2\/pages\/74","targetHints":{"allow":["GET"]}}],"collection":[{"href":"https:\/\/itechlang.ca\/services-langagiers\/fr\/wp-json\/wp\/v2\/pages"}],"about":[{"href":"https:\/\/itechlang.ca\/services-langagiers\/fr\/wp-json\/wp\/v2\/types\/page"}],"author":[{"embeddable":true,"href":"https:\/\/itechlang.ca\/services-langagiers\/fr\/wp-json\/wp\/v2\/users\/2"}],"replies":[{"embeddable":true,"href":"https:\/\/itechlang.ca\/services-langagiers\/fr\/wp-json\/wp\/v2\/comments?post=74"}],"version-history":[{"count":21,"href":"https:\/\/itechlang.ca\/services-langagiers\/fr\/wp-json\/wp\/v2\/pages\/74\/revisions"}],"predecessor-version":[{"id":1761,"href":"https:\/\/itechlang.ca\/services-langagiers\/fr\/wp-json\/wp\/v2\/pages\/74\/revisions\/1761"}],"wp:attachment":[{"href":"https:\/\/itechlang.ca\/services-langagiers\/fr\/wp-json\/wp\/v2\/media?parent=74"}],"curies":[{"name":"wp","href":"https:\/\/api.w.org\/{rel}","templated":true}]}}